{"id":29,"date":"2020-11-05T08:37:05","date_gmt":"2020-11-05T08:37:05","guid":{"rendered":"https:\/\/besarpp.adagiocreate.com\/?page_id=29"},"modified":"2025-04-15T07:39:24","modified_gmt":"2025-04-15T07:39:24","slug":"acta-anaesthesiologica-belgica-pub","status":"publish","type":"page","link":"https:\/\/www.besarpp.be\/en\/acta-anaesthesiologica-belgica-pub\/","title":{"rendered":"Acta Anaesthesiologica Belgica &#8211; non-members"},"content":{"rendered":"\n<h1 class=\"wp-block-heading c-black \">Acta Anaesthesiologica Belgica<\/h1>\n\n\n\n<div class=\"content__section\">\n<p class=\"c-gray \">Acta Anaesthesiologica Belgica is the official journal of the <em>Belgian Society for Anesthesiology, Resuscitation Perioperative medicine and Pain management (BeSARPP)<\/em>. The journal publishes 4 issues a year, and with eventually supplements. It first appeared in 1950. Since 1973, all accepted articles are published in English, and this has resulted in increased international standing.<\/p>\n\n\n\n<p class=\"c-gray \">Acta Anaesthesiologica Belgica is indexed in EMBASE &amp; EXCERPTA MEDICA.<\/p>\n\n\n\n<p class=\"c-gray \">Acta Anaesthesiologica welcomes submissions of original papers in the field of anesthesiology, emergency medicine, pain medicine, and intensive care medicine, in the form of original studies, reviews, editorials, or case reports. It also insures publication of Master theses from Belgian anesthesiology residents. Each submitted paper is submitted to peer-review by at least two experts in the concerned field. The review process is entirely double blind, meaning that neither reviewers or authors are aware of the identity of each other.<\/p>\n\n\n\n<p class=\"c-gray \">The Acta Anaesthesiologica Belgica has a specific website for submission of manuscripts. Any manuscript should be submitted through that route, according to the\u00a0<span class=\"has-inline-color c-green\"><a href=\"http:\/\/www.actaanaesthesiologica.be\/for-authors\/author-guidelines\/\" data-type=\"link\" data-id=\"http:\/\/www.actaanaesthesiologica.be\/for-authors\/author-guidelines\/\">instructions and guidelines of the journal. <\/a><\/span><br><span class=\"has-inline-color c-green\">Articles that are not submitted in accordance with those instructions will be sent back to the authors for correction<\/span><span class=\"has-inline-color c-blue\">.<\/span> Accepted papers are published free of charge, and are freely accessible on the AAB website.<\/p>\n\n\n\n<p class=\"c-gray \">The master thesis (special edition) and review guide is available&nbsp;<mark style=\"background-color:rgba(0, 0, 0, 0)\" class=\"has-inline-color c-green\"><a href=\"https:\/\/www.besarpp.be\/wp-content\/uploads\/2023\/07\/MASTER-THESIS-AND-REVIEW-GUIDE.pdf\" data-type=\"URL\" data-id=\"https:\/\/www.besarpp.be\/wp-content\/uploads\/2023\/07\/MASTER-THESIS-AND-REVIEW-GUIDE.pdf\" target=\"_blank\" rel=\"noreferrer noopener\">here<\/a><\/mark>.&nbsp;<\/p>\n\n\n\n<p class=\"c-gray \">To submit a manuscript, please click on the following link :&nbsp;<a rel=\"noreferrer noopener\" href=\"http:\/\/www.editorialmanager.com\/aab\/\" target=\"_blank\"><span class=\"has-inline-color c-green\">www.editorialmanager.com\/aab\/<\/span><\/a>, register on the website, and follow the instructions.<\/p>\n\n\n\n<p>Please find the latest publications on the ACTA Anaesthesiologica Belgica website: <a href=\"http:\/\/www.actaanaesthesiologica.be\/\" target=\"_blank\" rel=\"noreferrer noopener\">www.actaanaesthesiologica.be<\/a><\/p>\n<\/div>\n\n\n\n<div class=\"content__section\">\n<figure class=\"wp-block-table\"><table class=\"table \"><thead><tr><th>EDITORS<\/th><th><\/th><\/tr><\/thead><tbody><tr><td><span class=\"has-inline-color c-green\"><strong>Editor-in-Chief:<\/strong>&nbsp;<\/span><\/td><td><span class=\"has-inline-color c-green\">Stefan De Hert, MD, PhD, FESAIC<\/span> &#8211; Ghent University, Belgium<\/td><\/tr><tr><td><strong><span class=\"has-inline-color c-green\">Deputy Editors-in-Chief:&nbsp;<\/span><\/strong><\/td><td>Vincent Bonhomme, MD, PhD &#8211; Li\u00e8ge University Hospital, Belgium<br><br><span class=\"has-inline-color c-green\">Marc Van de Velde &#8211; KU Leuven<\/span>, Belgium<\/td><\/tr><tr><td><strong><span class=\"has-inline-color c-green\">Associate Editors:&nbsp;<\/span><\/strong><\/td><td>Sarah Devore, MD, PhD &#8211; KU Leuven, Belgium<br><br>Jean-Luc Fellahi, MD, Phd &#8211; Louis Pradel Univeristy Hospital, Lyon, France<br><br>Waynice Neiva De Paula Garcia, MD, PhD, TSA-SBA &#8211; AC Camargo Cancer Center Sao Paolo, Brazil<br><br>Rachel Kearns, MBChB MRCP FRCA EDRA MD &#8211; University of Glasgow, UK<br><br>Patricia Lavand&#8217;homme MD, PhD &#8211; Cliniques Universitaires Saint Luc, Belgium <br> <br><span class=\"has-inline-color c-gray\">Fernande Lois, University Hospital of Li\u00e8ge, Belgium<\/span><br><br>Giovanna Lurati Buse, MD, PhD &#8211; University Hospital of D\u00fcsseldorf, Germany<br><br>Ba\u015fak Ceyda Me\u00e7o, MD, DESAIC, FESAIC &#8211; University of Ankara, Turkey<br><br>Anneliese Moerman, University Hospital Ghent, Belgium<br><br>Mona Momeni, Cliniques Universitaires Saint Luc, Belgium<br><br>Steffen Rex, KU Leuven, Belgium<br><br>Anne-Fran\u00e7oise Rousseau, MD, PhD, DESAIC &#8211; University Hospital of Li\u00e8ge, Belgium<br><br>Ayten Saracoglu, MD DESA FEAMS &#8211; Marmara University School of Medicine, Turkey<\/td><\/tr><tr><td><strong>Social Media Editor<\/strong>:<\/td><td>Laura Gerard, MD &#8211; Cliniques Universitaires Saint Luc, Belgium<\/td><\/tr><\/tbody><\/table><\/figure>\n<\/div>\n\n\n\n<div class=\"content__section\">\n<p><strong><span class=\"has-inline-color c-blue\">ADMINISTRATION SECRETARIES<\/span><\/strong><\/p>\n\n\n\n<p><mark style=\"background-color:rgba(0, 0, 0, 0)\" class=\"has-inline-color c-gray\">Medicongress<br>Noorwegenstraat 49, B-9940 Evergem<br>Phone: +32 9 218 85 85, e-mail:\u00a0<\/mark><mark style=\"background-color:rgba(0, 0, 0, 0)\" class=\"has-inline-color c-blue\"><a href=\"mailto:sarb@medicongress.com\">besarp<\/a><\/mark><a href=\"mailto:sarb@medicongress.com\"><mark style=\"background-color:rgba(0, 0, 0, 0)\" class=\"has-inline-color c-blue\">p<\/mark><\/a><a href=\"mailto:besarpp@medicongress.com\"><mark style=\"background-color:rgba(0, 0, 0, 0)\" class=\"has-inline-color c-blue\">@medicongress.com<\/mark><\/a><\/p>\n<\/div>\n\n\n\n<div class=\"content__section\">\n<p><strong><span class=\"has-inline-color c-blue\">EDITORIAL ASSISTANT<\/span><\/strong><\/p>\n\n\n\n<p>E-mail: <mark style=\"background-color:rgba(0, 0, 0, 0)\" class=\"has-inline-color c-blue\"><a href=\"aab@ugent.be\">aab@ugent.be<\/a><\/mark><\/p>\n<\/div>\n\n\n\n<div class=\"content__section\">\n\n<div class=\"cards__wrapper\">\n\t<div class=\"cards cards__row_one row p-b-20\">\n\n\n\t\t\n\t\t\t\n\t\t\t<div class=\"card col-md-12\">\n\t\t\t\t<div class=\"card__wrapper card__first card__second-reset-homepage bg-white b-2-gray-lighter\">\n\t\t\t\t\t\t\t\t\t\t\t<div class=\"card__image\">\n\n\t\t\t\t\t\t\t\t\t\t\t\t\t\t\t\t\n\t\t\t\t\t\t\t\t<img decoding=\"async\" class=\"img-fluid\" src=\"https:\/\/www.besarpp.be\/wp-content\/uploads\/2021\/10\/AAHEADER-IMG.jpeg\" alt=\"\">\n\n\t\t\t\t\t\t\t\t\t\t\t\t\t<\/div>\n\t\t\t\t\t\n\t\t\t\t\t<div class=\"card__content\">\n\t\t\t\t\t\t<div class=\"card__title\">\n\t\t\t\t\t\t\t<h3 class=\"heading3 c-blue\">Not yet a Member of BeSARPP?<\/h3>\n\t\t\t\t\t\t\t<h4 class=\"heading4 c-none\"><\/h4>\n\n\t\t\t\t\t\t\t\t\t\t\t\t\t<\/div>\n\t\t\t\t\t\t<div class=\"card__description c-gray\">\n\t\t\t\t\t\t\t<p>Membership grants you unlimited access to valuable publications from BeSARPP on this website.<\/p>\n<p>Click on the button below if you want more information about becoming a member of our association.<\/p>\n\t\t\t\t\t\t<\/div>\n\t\t\t\t\t\t<div class=\"card__footer\">\n\t\t\t\t\t\t\t<div class=\"card__footer-button\">\n\n\t\t\t\t\t\t\t\t\n\t\t\t\t\t\t\t\t\t<button class=\"button button__with-icon button__mob bg-blue bg-h-blue-light\">\n\t\t<a class=\"\n\t\t\t\t\t\t\tc-white c-h-white-light \n\t\t\t\" \n\t\t\thref=\"https:\/\/www.besarpp.be\/en\/membership\/\" target=\"\">\n\t\t\tRead More\n\t\t\t\t\t\t\t<div class=\"button__icon \n\t\t\t\t\t\t\t\t\t\t\tc-white\n\t\t\t\t\t\">\n\t\t\t\t\t<svg id=\"Layer_1\" data-name=\"Layer 1\" xmlns=\"http:\/\/www.w3.org\/2000\/svg\" width=\"7.5\" height=\"10.66\" viewBox=\"0 0 7.5 10.66\">\n  <g id=\"Layer_2\" data-name=\"Layer 2\">\n    <g id=\"Header\">\n      <polygon points=\"0 0 3.21 0 7.5 5.33 3.21 10.66 0 10.66 4.29 5.33 0 0\" style=\"fill-rule: evenodd\"\/>\n    <\/g>\n  <\/g>\n<\/svg>\n\t\t\t\t<\/div>\n\t\t\t\t\t<\/a>\n\t<\/button>\n\n\t\t\t\t\t\t\t\t\t\t\t\t\t\t\t<\/div>\n\t\t\t\t\t\t<\/div>\n\t\t\t\t\t<\/div>\n\t\t\t\t<\/div>\n\t\t\t<\/div>\n\t\t\t<\/div>\n<\/div>\n\n\n<hr class=\"wp-block-separator has-css-opacity\"\/>\n\n\n\n<p><mark style=\"background-color:rgba(0, 0, 0, 0)\" class=\"has-inline-color c-gray\">Contact information: Medicongress, Noorwegenstraat 49, B-9940 Evergem, phone: +32 9 218 85 84, e-mail:\u00a0<\/mark><mark style=\"background-color:rgba(0, 0, 0, 0)\" class=\"has-inline-color c-blue\"><a href=\"mailto:besarpp@medicongress.com\">besarp<\/a><\/mark><a href=\"mailto:besarpp@medicongress.com\"><mark style=\"background-color:rgba(0, 0, 0, 0)\" class=\"has-inline-color c-blue\">p@medicongress.com<\/mark><\/a><\/p>\n<\/div>\n\n\n\n<div class=\"content__section\">\n<p><\/p>\n\n\n\n<p><strong><span class=\"has-inline-color c-blue\">ADVERTISEMENT<\/span><\/strong><\/p>\n\n\n\n<figure class=\"wp-block-table\"><table class=\"table \"><tbody><tr><td>&nbsp;<\/td><td>&nbsp;<\/td><td>&nbsp;<\/td><td><strong><span class=\"has-inline-color c-blue\">1 ISSUE<\/span><\/strong><\/td><td><span class=\"has-inline-color c-blue\"><strong>4 ISSUE<\/strong>S<\/span><\/td><\/tr><tr><td><strong><span class=\"has-inline-color c-blue\">Major Sponsor of the BeSARPP<\/span><\/strong><\/td><td><span class=\"has-inline-color c-gray\">1 page A4<\/span><\/td><td><span class=\"has-inline-color c-blue\">Color<\/span><\/td><td><span class=\"has-inline-color c-gray\">1000 \u20ac<\/span><\/td><td><span class=\"has-inline-color c-gray\">3000 \u20ac<\/span><\/td><\/tr><tr><td><\/td><td><span class=\"has-inline-color c-gray\">1 page A4<\/span><\/td><td><span class=\"has-inline-color c-blue\">Black &amp; White<\/span><\/td><td><span class=\"has-inline-color c-gray\">700 \u20ac<\/span><\/td><td><span class=\"has-inline-color c-gray\">2100 \u20ac<\/span><\/td><\/tr><tr><td><\/td><td><span class=\"has-inline-color c-gray\">1\/2 page A4<\/span><\/td><td><span class=\"has-inline-color c-blue\">Color<\/span><\/td><td><span class=\"has-inline-color c-gray\">600 \u20ac<\/span><\/td><td><span class=\"has-inline-color c-gray\">1800 \u20ac<\/span><\/td><\/tr><tr><td><\/td><td><span class=\"has-inline-color c-gray\">1\/2 page A4<\/span><\/td><td><span class=\"has-inline-color c-blue\">Black &amp; White<\/span><\/td><td><span class=\"has-inline-color c-gray\">500 \u20ac<\/span><\/td><td><span class=\"has-inline-color c-gray\">1500 \u20ac<\/span><\/td><\/tr><tr><td><strong><span class=\"has-inline-color c-blue\">Minor Sponsor of the BeSARPP<br>and other entities<\/span><\/strong><\/td><td><span class=\"has-inline-color c-gray\">1 page A4<\/span><\/td><td><span class=\"has-inline-color c-blue\">Color<\/span><\/td><td><span class=\"has-inline-color c-gray\">1300 \u20ac<\/span><\/td><td><span class=\"has-inline-color c-gray\">3900 \u20ac<\/span><\/td><\/tr><tr><td><\/td><td><span class=\"has-inline-color c-gray\">1 page A4<\/span><\/td><td><span class=\"has-inline-color c-blue\">Black &amp; White<\/span><\/td><td><span class=\"has-inline-color c-gray\">1000 \u20ac<\/span><\/td><td><span class=\"has-inline-color c-gray\">3000 \u20ac<\/span><\/td><\/tr><tr><td><\/td><td><span class=\"has-inline-color c-gray\">1\/2 page A4<\/span><\/td><td><span class=\"has-inline-color c-blue\">Color<\/span><\/td><td><span class=\"has-inline-color c-gray\">800 \u20ac<\/span><\/td><td><span class=\"has-inline-color c-gray\">2400 \u20ac<\/span><\/td><\/tr><tr><td><\/td><td><span class=\"has-inline-color c-gray\">1\/2 page A4<\/span><\/td><td><span class=\"has-inline-color c-blue\">Black &amp; White<\/span><\/td><td><span class=\"has-inline-color c-gray\">600 \u20ac<\/span><\/td><td><span class=\"has-inline-color c-gray\">1800 \u20ac<\/span><\/td><\/tr><\/tbody><\/table><\/figure>\n\n\n\n<p><mark style=\"background-color:rgba(0, 0, 0, 0)\" class=\"has-inline-color c-gray\">Information: Luc Foubert,&nbsp;treasurer, OLV Ziekenhuis Aalst, Moorselbaan 164, B-9300 Aalst, phone: +32 53 72 44 61, e-mail:&nbsp;<\/mark><a href=\"mailto:luc.foubert@olvz-aalst.be\"><mark style=\"background-color:rgba(0, 0, 0, 0)\" class=\"has-inline-color c-blue\">luc.foubert@olvz-aalst.be<\/mark><\/a><\/p>\n<\/div>\n\n\n\n<div class=\"content__section\">\n<p><strong><span class=\"has-inline-color c-blue\"><br>PUBLICITY MATERIAL<\/span><\/strong><\/p>\n\n\n\n<p><span class=\"has-inline-color c-gray\">To be published should be sent to\u00a0<\/span><a href=\"mailto:aab@ugent.be\" data-type=\"mailto\" data-id=\"mailto:aab@ugent.be\"><span class=\"has-inline-color c-blue\"><a href=\"mailto:aab@ugent.be\">aab@ugent.be<\/a><\/span><\/a><span class=\"has-inline-color c-blue\">.<\/span><\/p>\n\n\n\n<p><mark style=\"background-color:rgba(0, 0, 0, 0)\" class=\"has-inline-color c-gray\">Publicities for meetings and congresses endorsed by the SARB are free of charge.<\/mark><\/p>\n<\/div>\n\n\n\n<p style=\"font-size:32px\"><strong>Supplement Master Theses 2021<\/strong><\/p>\n\n\n\n<p>Available <a href=\"http:\/\/www.actaanaesthesiologica.be\/archive\/volume-72\/supplement-1\/\" data-type=\"URL\" data-id=\"http:\/\/www.actaanaesthesiologica.be\/archive\/volume-72\/supplement-1\/\" target=\"_blank\" rel=\"noreferrer noopener\">here<\/a><\/p>\n\n\n\n<p><\/p>\n","protected":false},"excerpt":{"rendered":"<p>Acta Anaesthesiologica Belgica Acta Anaesthesiologica Belgica is the official journal of the Belgian Society for Anesthesiology, Resuscitation Perioperative medicine and Pain management (BeSARPP). The journal publishes 4 issues a year, and with eventually supplements. It first appeared in 1950. Since 1973, all accepted articles are published in English, and this has resulted in increased international [&hellip;]<\/p>\n","protected":false},"author":1,"featured_media":0,"parent":0,"menu_order":0,"comment_status":"closed","ping_status":"closed","template":"","meta":{"_monsterinsights_skip_tracking":false,"_monsterinsights_sitenote_active":false,"_monsterinsights_sitenote_note":"","_monsterinsights_sitenote_category":0,"footnotes":""},"_links":{"self":[{"href":"https:\/\/www.besarpp.be\/en\/wp-json\/wp\/v2\/pages\/29\/"}],"collection":[{"href":"https:\/\/www.besarpp.be\/en\/wp-json\/wp\/v2\/pages\/"}],"about":[{"href":"https:\/\/www.besarpp.be\/en\/wp-json\/wp\/v2\/types\/page\/"}],"author":[{"embeddable":true,"href":"https:\/\/www.besarpp.be\/en\/wp-json\/wp\/v2\/users\/1\/"}],"replies":[{"embeddable":true,"href":"https:\/\/www.besarpp.be\/en\/wp-json\/wp\/v2\/comments\/?post=29"}],"version-history":[{"count":109,"href":"https:\/\/www.besarpp.be\/en\/wp-json\/wp\/v2\/pages\/29\/revisions\/"}],"predecessor-version":[{"id":5827,"href":"https:\/\/www.besarpp.be\/en\/wp-json\/wp\/v2\/pages\/29\/revisions\/5827\/"}],"wp:attachment":[{"href":"https:\/\/www.besarpp.be\/en\/wp-json\/wp\/v2\/media\/?parent=29"}],"curies":[{"name":"wp","href":"https:\/\/api.w.org\/{rel}","templated":true}]}}